{"id":23245,"date":"2016-03-10T18:52:12","date_gmt":"2016-03-10T17:52:12","guid":{"rendered":"https:\/\/finquesargemi.com\/politica-de-privadesa\/"},"modified":"2024-02-07T09:34:39","modified_gmt":"2024-02-07T08:34:39","slug":"politica-de-privadesa","status":"publish","type":"page","link":"https:\/\/finquesargemi.com\/ca\/politica-de-privadesa\/","title":{"rendered":"Pol\u00edtica de privadesa"},"content":{"rendered":"\n<br\/><p>Responsable del Tractament&#13;\nL&#8217;empresa responsable del tractament de les vostres dades en virtut d&#8217;aquesta Pol\u00edtica de privadesa \u00e9s:<\/p>\n\n<p>FINQUES ARGEM\u00cd SL&#13;\nNIF: B67033332&#13;\nDomicili: C\/ Sant Joan, 48 &#8211; Baixos 08230 MATADEPERA (Barcelona)&#13;\nAdre\u00e7a de correu electr\u00f2nic: info@finquesargemi.com&#13;\nWeb: www.finquesargemi.com&#13;\nTel\u00e8fon: 937870130&#13;\nInscrita al Registre Mercantil de Tom 45989, Foli 105, Full 506099, Inscripci\u00f3 1a<\/p>\n\n<p>A FINQUES ARGEM\u00cd SL, reconeixem la import\u00e0ncia de protegir la vostra informaci\u00f3 personal i estem compromesos a tractar-la amb responsabilitat i de conformitat amb les lleis de protecci\u00f3 de dades.&#13;\nAquesta pol\u00edtica de privadesa pret\u00e9n regular tots els aspectes relatius al tractament de dades dels diferents usuaris que naveguen o faciliten les seves dades personals a trav\u00e9s dels diferents formularis situats a la web.<\/p>\n\n<p>Dades Personals&#13;\nUna dada personal \u00e9s la informaci\u00f3 que us identifica o us fa identificable. A trav\u00e9s del web, a les caselles establertes a aquest efecte recollim les dades personals que l&#8217;usuari ens comunica: Nom, cognoms, correu electr\u00f2nic, tel\u00e8fon, adre\u00e7a postal, poblaci\u00f3, etc. aix\u00ed com totes aquelles dades que volunt\u00e0riament ens proporcioneu a trav\u00e9s de qualsevol de les xarxes socials de les quals l&#8217;usuari est\u00e0 registrat. En aquest cas, la privadesa dependr\u00e0 de la pr\u00f2pia configuraci\u00f3 establerta per l&#8217;usuari aix\u00ed com dels termes i condicions de la pr\u00f2pia xarxa social.<\/p>\n\n<p>La visita de l&#8217;usuari a la web no implica que hagi de facilitar cap informaci\u00f3 sobre les vostres dades personals. No obstant aix\u00f2, en cas de facilitar-los, les dades seran tractades de forma l\u00edcita amb subjecci\u00f3 en tot moment als principis i drets recollits al RGPD 2016\/679 de 27 d&#8217;abril de 2016 i la LOPDGDD 3\/2018 del 5 de desembre<\/p>\n\n<p>Finalitat, durada i legitimaci\u00f3 del tractament:&#13;\nLes dades que l&#8217;usuari ens proporcioni les tractarem amb les finalitats seg\u00fcents:<\/p>\n\n<p>Atendre la sol\u00b7licitud o petici\u00f3 realitzada per l&#8217;usuari a trav\u00e9s del formulari de contacte situat a la web. Recollim i tractem les dades personals de l&#8217;usuari per poder tramitar i gestionar la vostra sol\u00b7licitud, una consulta o qualsevol petici\u00f3 que realitzeu a trav\u00e9s d&#8217;aquest formulari. Aquestes dades les conservarem durant el temps necessari per donar compliment a la vostra petici\u00f3 i durant el temps establert per la llei amb una durada m\u00ednima de 3 anys.<\/p>\n\n<p>La base de legitimaci\u00f3 del tractament de les dades ser\u00e0 el consentiment que atorga l&#8217;usuari en seleccionar la casella d&#8217;acceptaci\u00f3 de la nostra pol\u00edtica de privadesa abans d&#8217;enviar la petici\u00f3. L&#8217;usuari t\u00e9 dret a revocar el consentiment en qualsevol moment sense que aix\u00f2 afecti la licitud del tractament basat en el consentiment previ a la seva retirada.<\/p>\n\n<p>Millorar la vostra experi\u00e8ncia en navegar per la web. Aquestes dades les conservarem mentre l&#8217;usuari no revoqui el seu consentiment al seu tractament eliminant les galetes i durant el temps establert per la llei amb una durada m\u00ednima de 3 anys.<\/p>\n\n<p>La base de legitimaci\u00f3 per millorar la vostra experi\u00e8ncia en navegar per la web \u00e9s el consentiment que atorga l&#8217;usuari en acceptar les cookies. L&#8217;usuari t\u00e9 dret a revocar el consentiment en qualsevol moment sense que aix\u00f2 afecti la licitud del tractament basat en el consentiment previ a la seva retirada.<\/p>\n\n<p>Cessi\u00f3 o comunicaci\u00f3 de dades personals i transfer\u00e8ncies internacionals:&#13;\nLes vostres dades no es comunicaran ni seran cedides a tercers llevat que hi hagi alguna obligaci\u00f3 legal o aquells prestadors vinculats al Responsable que actuen com a encarregats del tractament.<\/p>\n\n<p>No es realitzen transfer\u00e8ncies internacionals, per al cas que en algun moment poguessin realitzar-se, se li comunicaran per tal d&#8217;obtenir-ne el consentiment.<\/p>\n\n<p>Actualitzaci\u00f3 de dades&#13;\n\u00c9s important que perqu\u00e8 puguem mantenir les dades personals actualitzades, l&#8217;usuari ens informi sempre que hi hagi hagut alguna modificaci\u00f3, en cas contrari, no responem de la seva veracitat.<\/p>\n\n<p>L&#8217;usuari garanteix que les dades personals facilitades s\u00f3n veraces garantint que tota la informaci\u00f3 facilitada correspon a la situaci\u00f3 real, que est\u00e0 actualitzada i \u00e9s exacta, i queda obligat a comunicar qualsevol modificaci\u00f3.<\/p>\n\n<p>Dades de Tercers&#13;\nSi l&#8217;usuari facilita dades de terceres persones per a qualsevol finalitat a FINQUES ARGEM\u00cd SL, garanteix que ha obtingut aquestes dades de forma l\u00edcita, que ha informat pr\u00e8viament els afectats, obtenint el seu consentiment per comunicar-los i que la informaci\u00f3 facilitada \u00e9s exacta i vera\u00e7.<\/p>\n\n<p>Car\u00e0cter obligatori de la informaci\u00f3 sol\u00b7licitada&#13;\nTots els nostres formularis compten amb un asterisc (*) a les dades obligat\u00f2ries. Si l&#8217;usuari no facilita aquests camps, o b\u00e9 no marca la casella d&#8217;acceptaci\u00f3 de la pol\u00edtica de privadesa, no es permetr\u00e0 l&#8217;enviament de la informaci\u00f3.<\/p>\n\n<p>Derechos de los interesados:&#13;\nTiene derecho a acceder a sus datos y a obtener confirmaci\u00f3n sobre su tratamiento, as\u00ed como una copia de los datos personales objeto de tratamiento. Tiene derecho a actualizarlos y solicitar la rectificaci\u00f3n de los datos que sean inexactos o solicitar la supresi\u00f3n cuando los datos no sean necesarios para los fines para los que fueron recabados. Puede solicitar la limitaci\u00f3n en el tratamiento de sus datos y oponerse al tratamiento de los mismos revocando su consentimiento, as\u00ed como ejercer el derecho a la portabilidad de los datos. Del mismo modo, tiene derecho a no ser objeto de decisiones basadas \u00fanicamente en el tratamiento automatizado de sus datos personales. Puede ejercer sus derechos contactando con nosotros C\/ Sant Joan, 48 Baixos &#8211; 08230 MATADEPERA (Barcelona). Email: info@finquesargemi.com<\/p>\n\n<p>Si considereu que els vostres drets no s&#8217;han at\u00e8s degudament, teniu dret a presentar una reclamaci\u00f3 davant l&#8217;autoritat de control a www.aepd.es<\/p>\n\n<p>Tractament de dades de menors d&#8217;edat&#13;\nQui facilita les dades a trav\u00e9s dels formularis d&#8217;aquesta web i accepta el seu tractament declara ser major de 14 anys, i queda prohibit l&#8217;acc\u00e9s i l&#8217;\u00fas del portal a menors d&#8217;aquesta edat. Si en algun moment, el Responsable detecta que un menor de 14 anys ha proporcionat dades de car\u00e0cter personal, procedirem a cancel\u00b7lar-les. Aix\u00ed mateix, els pares o tutors podran en qualsevol cas dirigir-se a FINQUES ARGEM\u00cd SL per bloquejar el compte d&#8217;acc\u00e9s dels menors a c\u00e0rrec seu que s&#8217;haguessin registrat falsejant la seva identitat.<\/p>\n\n<p>Tractament de Cookies:&#13;\nUna galeta \u00e9s un petit fitxer que es descarrega i emmagatzema a l&#8217;ordinador de l&#8217;usuari quan aquest accedeix a una p\u00e0gina web. Les Cookies permeten al web, entre altres coses, emmagatzemar i recuperar informaci\u00f3 sobre els h\u00e0bits de navegaci\u00f3 de l&#8217;usuari o del seu equip i, depenent de la informaci\u00f3 que continguin i de la manera com utilitzi el seu equip, es poden utilitzar per recon\u00e8ixer l&#8217;usuari . L&#8217;usuari t\u00e9 l&#8217;opci\u00f3 d&#8217;impedir la generaci\u00f3 de cookies, mitjan\u00e7ant la selecci\u00f3 de la corresponent opci\u00f3 al vostre programa de navegador. Podeu obtenir m\u00e9s informaci\u00f3 llegint la nostra Pol\u00edtica de Cookies.<\/p>\n","protected":false},"excerpt":{"rendered":"<p>Responsable del Tractament&#13; L&#8217;empresa responsable del tractament de les vostres dades en virtut d&#8217;aquesta Pol\u00edtica de privadesa \u00e9s: FINQUES ARGEM\u00cd SL&#13; NIF: B67033332&#13; Domicili: C\/ Sant Joan, 48 &#8211; Baixos 08230 MATADEPERA (Barcelona)&#13; Adre\u00e7a de correu electr\u00f2nic: info@finquesargemi.com&#13; Web: www.finquesargemi.com&#13; Tel\u00e8fon: 937870130&#13; Inscrita al Registre Mercantil de Tom 45989, Foli 105, Full 506099, Inscripci\u00f3 1a [&hellip;]<\/p>\n","protected":false},"author":6,"featured_media":0,"parent":0,"menu_order":0,"comment_status":"closed","ping_status":"closed","template":"","meta":{"footnotes":""},"class_list":["post-23245","page","type-page","status-publish","hentry"],"yoast_head":"<!-- This site is optimized with the Yoast SEO plugin v27.3 - https:\/\/yoast.com\/product\/yoast-seo-wordpress\/ -->\n<title>Pol\u00edtica de privadesa - Finques Argem\u00ed<\/title>\n<meta name=\"robots\" content=\"index, follow, max-snippet:-1, max-image-preview:large, max-video-preview:-1\" \/>\n<link rel=\"canonical\" href=\"https:\/\/finquesargemi.com\/ca\/politica-de-privadesa\/\" \/>\n<meta property=\"og:locale\" content=\"ca_ES\" \/>\n<meta property=\"og:type\" content=\"article\" \/>\n<meta property=\"og:title\" content=\"Pol\u00edtica de privadesa - Finques Argem\u00ed\" \/>\n<meta property=\"og:description\" content=\"Responsable del Tractament&#013; L&#8217;empresa responsable del tractament de les vostres dades en virtut d&#8217;aquesta Pol\u00edtica de privadesa \u00e9s: FINQUES ARGEM\u00cd SL&#013; NIF: B67033332&#013; Domicili: C\/ Sant Joan, 48 &#8211; Baixos 08230 MATADEPERA (Barcelona)&#013; Adre\u00e7a de correu electr\u00f2nic: info@finquesargemi.com&#013; Web: www.finquesargemi.com&#013; Tel\u00e8fon: 937870130&#013; Inscrita al Registre Mercantil de Tom 45989, Foli 105, Full 506099, Inscripci\u00f3 1a [&hellip;]\" \/>\n<meta property=\"og:url\" content=\"https:\/\/finquesargemi.com\/ca\/politica-de-privadesa\/\" \/>\n<meta property=\"og:site_name\" content=\"Finques Argem\u00ed\" \/>\n<meta property=\"article:modified_time\" content=\"2024-02-07T08:34:39+00:00\" \/>\n<meta property=\"og:image\" content=\"https:\/\/finquesargemi.com\/wp-content\/uploads\/2023\/11\/logo-scaled.webp\" \/>\n\t<meta property=\"og:image:width\" content=\"2560\" \/>\n\t<meta property=\"og:image:height\" content=\"1242\" \/>\n\t<meta property=\"og:image:type\" content=\"image\/png\" \/>\n<meta name=\"twitter:card\" content=\"summary_large_image\" \/>\n<script type=\"application\/ld+json\" class=\"yoast-schema-graph\">{\"@context\":\"https:\\\/\\\/schema.org\",\"@graph\":[{\"@type\":\"WebPage\",\"@id\":\"https:\\\/\\\/finquesargemi.com\\\/ca\\\/politica-de-privadesa\\\/\",\"url\":\"https:\\\/\\\/finquesargemi.com\\\/ca\\\/politica-de-privadesa\\\/\",\"name\":\"Pol\u00edtica de privadesa - Finques Argem\u00ed\",\"isPartOf\":{\"@id\":\"https:\\\/\\\/finquesargemi.com\\\/ca\\\/#website\"},\"datePublished\":\"2016-03-10T17:52:12+00:00\",\"dateModified\":\"2024-02-07T08:34:39+00:00\",\"breadcrumb\":{\"@id\":\"https:\\\/\\\/finquesargemi.com\\\/ca\\\/politica-de-privadesa\\\/#breadcrumb\"},\"inLanguage\":\"ca\",\"potentialAction\":[{\"@type\":\"ReadAction\",\"target\":[\"https:\\\/\\\/finquesargemi.com\\\/ca\\\/politica-de-privadesa\\\/\"]}]},{\"@type\":\"BreadcrumbList\",\"@id\":\"https:\\\/\\\/finquesargemi.com\\\/ca\\\/politica-de-privadesa\\\/#breadcrumb\",\"itemListElement\":[{\"@type\":\"ListItem\",\"position\":1,\"name\":\"Portada\",\"item\":\"https:\\\/\\\/finquesargemi.com\\\/ca\\\/\"},{\"@type\":\"ListItem\",\"position\":2,\"name\":\"Pol\u00edtica de privadesa\"}]},{\"@type\":\"WebSite\",\"@id\":\"https:\\\/\\\/finquesargemi.com\\\/ca\\\/#website\",\"url\":\"https:\\\/\\\/finquesargemi.com\\\/ca\\\/\",\"name\":\"Finques Argem\u00ed\",\"description\":\"\",\"potentialAction\":[{\"@type\":\"SearchAction\",\"target\":{\"@type\":\"EntryPoint\",\"urlTemplate\":\"https:\\\/\\\/finquesargemi.com\\\/ca\\\/?s={search_term_string}\"},\"query-input\":{\"@type\":\"PropertyValueSpecification\",\"valueRequired\":true,\"valueName\":\"search_term_string\"}}],\"inLanguage\":\"ca\"}]}<\/script>\n<!-- \/ Yoast SEO plugin. -->","yoast_head_json":{"title":"Pol\u00edtica de privadesa - Finques Argem\u00ed","robots":{"index":"index","follow":"follow","max-snippet":"max-snippet:-1","max-image-preview":"max-image-preview:large","max-video-preview":"max-video-preview:-1"},"canonical":"https:\/\/finquesargemi.com\/ca\/politica-de-privadesa\/","og_locale":"ca_ES","og_type":"article","og_title":"Pol\u00edtica de privadesa - Finques Argem\u00ed","og_description":"Responsable del Tractament&#13; L&#8217;empresa responsable del tractament de les vostres dades en virtut d&#8217;aquesta Pol\u00edtica de privadesa \u00e9s: FINQUES ARGEM\u00cd SL&#13; NIF: B67033332&#13; Domicili: C\/ Sant Joan, 48 &#8211; Baixos 08230 MATADEPERA (Barcelona)&#13; Adre\u00e7a de correu electr\u00f2nic: info@finquesargemi.com&#13; Web: www.finquesargemi.com&#13; Tel\u00e8fon: 937870130&#13; Inscrita al Registre Mercantil de Tom 45989, Foli 105, Full 506099, Inscripci\u00f3 1a [&hellip;]","og_url":"https:\/\/finquesargemi.com\/ca\/politica-de-privadesa\/","og_site_name":"Finques Argem\u00ed","article_modified_time":"2024-02-07T08:34:39+00:00","og_image":[{"width":2560,"height":1242,"url":"https:\/\/finquesargemi.com\/wp-content\/uploads\/2023\/11\/logo-scaled.webp","type":"image\/png"}],"twitter_card":"summary_large_image","schema":{"@context":"https:\/\/schema.org","@graph":[{"@type":"WebPage","@id":"https:\/\/finquesargemi.com\/ca\/politica-de-privadesa\/","url":"https:\/\/finquesargemi.com\/ca\/politica-de-privadesa\/","name":"Pol\u00edtica de privadesa - Finques Argem\u00ed","isPartOf":{"@id":"https:\/\/finquesargemi.com\/ca\/#website"},"datePublished":"2016-03-10T17:52:12+00:00","dateModified":"2024-02-07T08:34:39+00:00","breadcrumb":{"@id":"https:\/\/finquesargemi.com\/ca\/politica-de-privadesa\/#breadcrumb"},"inLanguage":"ca","potentialAction":[{"@type":"ReadAction","target":["https:\/\/finquesargemi.com\/ca\/politica-de-privadesa\/"]}]},{"@type":"BreadcrumbList","@id":"https:\/\/finquesargemi.com\/ca\/politica-de-privadesa\/#breadcrumb","itemListElement":[{"@type":"ListItem","position":1,"name":"Portada","item":"https:\/\/finquesargemi.com\/ca\/"},{"@type":"ListItem","position":2,"name":"Pol\u00edtica de privadesa"}]},{"@type":"WebSite","@id":"https:\/\/finquesargemi.com\/ca\/#website","url":"https:\/\/finquesargemi.com\/ca\/","name":"Finques Argem\u00ed","description":"","potentialAction":[{"@type":"SearchAction","target":{"@type":"EntryPoint","urlTemplate":"https:\/\/finquesargemi.com\/ca\/?s={search_term_string}"},"query-input":{"@type":"PropertyValueSpecification","valueRequired":true,"valueName":"search_term_string"}}],"inLanguage":"ca"}]}},"_links":{"self":[{"href":"https:\/\/finquesargemi.com\/ca\/wp-json\/wp\/v2\/pages\/23245","targetHints":{"allow":["GET"]}}],"collection":[{"href":"https:\/\/finquesargemi.com\/ca\/wp-json\/wp\/v2\/pages"}],"about":[{"href":"https:\/\/finquesargemi.com\/ca\/wp-json\/wp\/v2\/types\/page"}],"author":[{"embeddable":true,"href":"https:\/\/finquesargemi.com\/ca\/wp-json\/wp\/v2\/users\/6"}],"replies":[{"embeddable":true,"href":"https:\/\/finquesargemi.com\/ca\/wp-json\/wp\/v2\/comments?post=23245"}],"version-history":[{"count":1,"href":"https:\/\/finquesargemi.com\/ca\/wp-json\/wp\/v2\/pages\/23245\/revisions"}],"predecessor-version":[{"id":23246,"href":"https:\/\/finquesargemi.com\/ca\/wp-json\/wp\/v2\/pages\/23245\/revisions\/23246"}],"wp:attachment":[{"href":"https:\/\/finquesargemi.com\/ca\/wp-json\/wp\/v2\/media?parent=23245"}],"curies":[{"name":"wp","href":"https:\/\/api.w.org\/{rel}","templated":true}]}}