{"id":23237,"date":"2023-11-06T17:58:35","date_gmt":"2023-11-06T16:58:35","guid":{"rendered":"https:\/\/finquesargemi.com\/politica-de-cookies\/"},"modified":"2024-02-07T10:17:34","modified_gmt":"2024-02-07T09:17:34","slug":"politica-de-cookies","status":"publish","type":"page","link":"https:\/\/finquesargemi.com\/ca\/politica-de-cookies\/","title":{"rendered":"Politica de cookies"},"content":{"rendered":"\n<p><br><p>Aquesta pol\u00edtica de galetes t\u00e9 per objectiu informar de manera clara i precisa sobre les galetes que s&#8217;utilitzen al nostre lloc web.<\/p><\/p>\n\n\n\n<p>Utilitzem galetes pr\u00f2pies i de tercers per millorar els nostres serveis, personalitzar el nostre lloc web, facilitar la navegaci\u00f3 dels nostres usuaris, proporcionar-li una millor experi\u00e8ncia en l&#8217;\u00fas del lloc web, identificar problemes per millorar-lo, fer mesuraments i estad\u00edstiques d&#8217;\u00fas i mostrar-li publicitat relacionada amb les seves prefer\u00e8ncies mitjan\u00e7ant l&#8217;an\u00e0lisi de l&#8217;\u00fas del lloc web.<br>Li informem que podem utilitzar galetes al seu equip sempre que l&#8217;usuari hagi donat el seu consentiment, llevat dels casos en qu\u00e8 les galetes siguin necess\u00e0ries per a la navegaci\u00f3 pel nostre lloc web.<\/p>\n\n\n\n<p><p>En cas que vost\u00e8 presti el seu consentiment, podrem utilitzar galetes que ens permetran tenir m\u00e9s informaci\u00f3 sobre les seves prefer\u00e8ncies i personalitzar el nostre lloc web de conformitat amb els seus interessos individuals.<\/p><br><\/p>\n\n\n\n<p>\u00bfQU\u00c8 S\u00d3N LES GALETES?<\/p>\n\n\n\n<p><p>Les galetes i altres tecnologies similars com ara objectes locals compartits, galetes flash o p\u00edxels, s\u00f3n eines utilitzades pels servidors web per emmagatzemar i recuperar informaci\u00f3 sobre els seus visitants, aix\u00ed com per oferir un correcte funcionament del lloc.<\/p><br><\/p>\n\n\n\n<p>TIPOLOGIA DE GALETES<\/p>\n\n\n\n<p>Tipus de galetes en funci\u00f3 de l&#8217;entitat que les gestiona:<\/p>\n\n\n\n<p>Galetes pr\u00f2pies: s\u00f3n aquelles que s&#8217;envien a l&#8217;equip terminal de l&#8217;usuari des d&#8217;un equip o domini gestionat pel titular de la p\u00e0gina web i des del qual es presta el servei sol\u00b7licitat per l&#8217;usuari.<\/p>\n\n\n\n<p><p>Galetes de tercers: s\u00f3n aquelles que s&#8217;envien a l&#8217;equip terminal de l&#8217;usuari des d&#8217;un equip o domini que no \u00e9s gestionat pel titular de la p\u00e0gina web des del qual es presta el servei sol\u00b7licitat per l&#8217;usuari, sin\u00f3 per una altra entitat que tracta les dades obtingudes a trav\u00e9s de les galetes. Aix\u00ed mateix, en cas que les galetes siguin instal\u00b7lades des d&#8217;un equip o domini gestionat pel propi titular del lloc web per\u00f2 la informa<\/p><br><\/p>\n\n\n\n<p><strong>Tipus de galetes segons la finalitat:<\/strong><\/p>\n\n\n\n<p>Galetes t\u00e8cniques: s\u00f3n aquelles que permeten a l&#8217;usuari la navegaci\u00f3 a trav\u00e9s d&#8217;una p\u00e0gina web, plataforma o aplicaci\u00f3 i la utilitzaci\u00f3 de les diferents opcions o serveis que hi hagi, incloent-hi aquelles que l&#8217;editor utilitza per permetre la gesti\u00f3 i operativa de la p\u00e0gina web i habilitar-ne les funcions i serveis, com ara controlar el tr\u00e0nsit i la comunicaci\u00f3 de dades, identificar la sessi\u00f3, accedir a parts d&#8217;acc\u00e9s restringit, recordar els elements que integren una comanda, realitzar el proc\u00e9s de compra d&#8217;una comanda, gestionar el pagament, controlar la frau vinculat a la seguretat del servei, realitzar la sol\u00b7licitud d&#8217;inscripci\u00f3 o participaci\u00f3 en un esdeveniment, comptar visites a efectes de la facturaci\u00f3 de llic\u00e8ncies del programari amb el qual funciona el servei (lloc web, plataforma o aplicaci\u00f3), utilitzar elements de seguretat durant la navegaci\u00f3, emmagatzemar continguts per a la difusi\u00f3 de v\u00eddeos o so, habilitar continguts din\u00e0mics (per exemple, animaci\u00f3 de c\u00e0rrega d&#8217;un text o imatge) o compartir continguts a trav\u00e9s de xarxes socials.<\/p>\n\n\n\n<p>Tamb\u00e9 pertanyen a aquesta categoria, per la seva naturalesa t\u00e8cnica, aquelles galetes que permeten la gesti\u00f3, de la manera m\u00e9s efica\u00e7 possible, els espais publicitaris que, com a element m\u00e9s de disseny o &#8220;maquetaci\u00f3&#8221; del servei ofert a l&#8217;usuari, l&#8217;editor hagi incl\u00f2s en una p\u00e0gina web, aplicaci\u00f3 o plataforma en base a criteris com el contingut editat, sense que es recullin informaci\u00f3 dels usuaris amb finalitats diferents, com pot ser personalitzar aquest contingut publicitari o altres continguts.<\/p>\n\n\n\n<p>Galetes de prefer\u00e8ncies o personalitzaci\u00f3: s\u00f3n aquelles que permeten recordar informaci\u00f3 perqu\u00e8 l&#8217;usuari accedeixi al servei amb determinades caracter\u00edstiques que poden diferenciar la seva experi\u00e8ncia de la dels altres usuaris, com ara l&#8217;idioma, el nombre de resultats a mostrar quan l&#8217;usuari realitza una cerca, l&#8217;aspecte o contingut del servei en funci\u00f3 de l&#8217;esp\u00e8cie de navegador a trav\u00e9s del qual l&#8217;usuari accedeix al servei o de la regi\u00f3 des de la qual accedeix al servei, etc.<\/p>\n\n\n\n<p>Galetes d&#8217;an\u00e0lisi o mesura: s\u00f3n aquelles que permeten al responsable de les mateixes el seguiment i an\u00e0lisi del comportament dels usuaris dels llocs web als quals estan vinculades, inclosa la quantificaci\u00f3 dels impactes dels anuncis. La informaci\u00f3 recollida mitjan\u00e7ant aquest tipus de galetes s&#8217;utilitza en la mesura de l&#8217;activitat dels llocs web, aplicaci\u00f3 o plataforma, amb la finalitat d&#8217;introduir millores en funci\u00f3 de l&#8217;an\u00e0lisi de les dades d&#8217;\u00fas que fan els usuaris del servei.<\/p>\n\n\n\n<p>Galetes de publicitat comportamental: s\u00f3n aquelles que permeten la gesti\u00f3, de la manera m\u00e9s efica\u00e7 possible, els espais publicitaris que hi ha a la p\u00e0gina web. Aquestes galetes emmagatzemen informaci\u00f3 del comportament dels usuaris obtinguda a trav\u00e9s de l&#8217;observaci\u00f3 continuada dels seus h\u00e0bits de navegaci\u00f3, el que permet desenvolupar un perfil espec\u00edfic per mostrar publicitat en funci\u00f3 del mateix.<\/p>\n\n\n\n<p>Galetes de geolocalitzaci\u00f3: s&#8217;utilitzen per saber en quin lloc es troba un usuari quan sol\u00b7licita un servei. Aquesta galeta \u00e9s an\u00f2nima i s&#8217;utilitza, per exemple, per oferir-li la informaci\u00f3 adequada depenent del pa\u00eds en qu\u00e8 es trobi.<\/p>\n\n\n\n<p>Tipus de Galetes segons el termini de temps que romanen activades:<\/p>\n\n\n\n<p>Galetes de sessi\u00f3: s\u00f3n aquelles dissenyades per recopilar i emmagatzemar dades mentre l&#8217;usuari accedeix a una p\u00e0gina web. Solen emprar-se per emmagatzemar informaci\u00f3 que nom\u00e9s interessa conservar per a la prestaci\u00f3 del servei sol\u00b7licitat per l&#8217;usuari en una sola ocasi\u00f3 (per exemple, una llista de productes adquirits) i desapareixen al tancar la sessi\u00f3.<\/p>\n\n\n\n<p>Galetes persistents: s\u00f3n aquelles en les quals les dades continuen emmagatzemades al terminal i poden ser accedides i tractades durant un per\u00edode definit pel responsable de la galeta, i que pot anar d&#8217;uns minuts a diversos anys.<\/p>\n\n\n\n<p>PHPSESSID: galeta t\u00e8cnica i estrictament necess\u00e0ria que cont\u00e9 l&#8217;identificador de la sessi\u00f3. S&#8217;elimina al tancar el navegador<br>_lang: galeta t\u00e8cnica i estrictament necess\u00e0ria que cont\u00e9 l&#8217;idioma de la sessi\u00f3. S&#8217;elimina al tancar el navegador<br>ac_cookies: galeta t\u00e8cnica i estrictament necess\u00e0ria que cont\u00e9 el valor de si s&#8217;ha acceptat la instal\u00b7laci\u00f3 de galetes. Caduca en 1 any des de l&#8217;\u00faltima actualitzaci\u00f3.<br>_ga: galeta de Google Analytics que habilita la funci\u00f3 de control de visites \u00faniques. La primera vegada que un usuari entri al lloc web a trav\u00e9s d&#8217;un navegador instal\u00b7lar\u00e0 aquesta galeta. Quan aquest usuari torni a entrar al web amb el mateix navegador, la galeta considerar\u00e0 que \u00e9s el mateix usuari. Nom\u00e9s en el cas que l&#8217;usuari canvii de navegador, es considerar\u00e0 un altre usuari. Caduca als 2 anys des de l&#8217;\u00faltima actualitzaci\u00f3.<br>_gat: Aquesta galeta est\u00e0 associada amb Google Analytics Universal. S&#8217;utilitza per limitar la velocitat de petici\u00f3 \u2013 la limitaci\u00f3 de la recopilaci\u00f3 de dades en els llocs de tr\u00e0nsit alt. Caduca als 10 minuts.<br>_utma: galeta de Google Analytics que registra la data de la primera i \u00faltima vegada que l&#8217;usuari va visitar el lloc web. Caduca als 2 anys des de l&#8217;\u00faltima actualitzaci\u00f3.<br>_utmb: galeta de Google Analytics que registra l&#8217;hora d&#8217;arribada a la p\u00e0gina web. Caduca als 30 minuts des de l&#8217;\u00faltima actualitzaci\u00f3.<br>_utmc: galeta de Google Analytics utilitzada per a la interoperabilitat amb el codi de seguiment urchin.js. S&#8217;elimina al tancar el navegador.<br>_utmt: galeta de Google Analytics. Aquesta galeta s&#8217;utilitza per processar el tipus de sol\u00b7licitud demanada per l&#8217;usuari. Caduca al finalitzar la sessi\u00f3.<br>_utmv: galeta de Google Analytics. Aquesta galeta s&#8217;utilitza per segmentar dades demogr\u00e0fiques. Caduca al finalitzar la sessi\u00f3.<br>_utmz: galeta de Google Analytics que emmagatzema la font de tr\u00e0nsit o una campanya per explicar com l&#8217;usuari va arribar al lloc web. Caduca als 6 mesos des de l&#8217;\u00faltima actualitzaci\u00f3.<\/p>\n\n\n\n<p><br><\/p>\n\n\n\n<p><strong>COM ES DESACTIVEN LES GALETES EN ELS NAVEGADORS?<\/strong><\/p>\n\n\n\n<p>L&#8217;usuari pot, en qualsevol moment, permetre, bloquejar o eliminar les galetes instal\u00b7lades al seu equip mitjan\u00e7ant la modificaci\u00f3 dels par\u00e0metres de configuraci\u00f3 del navegador instal\u00b7lat al seu ordinador:<\/p>\n\n\n\n<p>Chrome Configuraci\u00f3 -&gt; Mostrar opcions avan\u00e7ades -&gt; Privadesa -&gt; Configuraci\u00f3 de contingut.<\/p>\n\n\n\n<p>Per a m\u00e9s informaci\u00f3, pot consultar el suport de Google o l&#8217;Ajuda del navegador.<\/p>\n\n\n\n<p>Explorer Eines -&gt; Opcions d&#8217;Internet -&gt; Privadesa -&gt; Configuraci\u00f3.<\/p>\n\n\n\n<p>Per a m\u00e9s informaci\u00f3, pot consultar el suport de Microsoft o l&#8217;Ajuda del navegador.<\/p>\n\n\n\n<p>Firefox Eines -&gt; Opcions -&gt; Privadesa -&gt; Hist\u00f2ric -&gt; Configuraci\u00f3 personalitzada.<\/p>\n\n\n\n<p>Per a m\u00e9s informaci\u00f3, pot consultar el suport de Mozilla o l&#8217;Ajuda del navegador.<\/p>\n\n\n\n<p>Safari Prefer\u00e8ncies -&gt; Seguretat.<\/p>\n\n\n\n<p>Per a m\u00e9s informaci\u00f3, pot consultar el suport d&#8217;Apple o l&#8217;Ajuda del navegador. La desactivaci\u00f3 de les galetes no impedeix la navegaci\u00f3 pel lloc web, encara que l&#8217;\u00fas d&#8217;alguns dels seus serveis pot ser limitat i, per tant, la seva experi\u00e8ncia de navegaci\u00f3 pot ser menys satisfact\u00f2ria.<\/p>\n\n\n\n<p><br><\/p>\n\n\n\n<p>RETIRAR EL CONSENTIMENT<\/p>\n\n\n\n<p><p>L&#8217;usuari podr\u00e0 retirar en qualsevol moment el seu consentiment relacionat amb la Pol\u00edtica de Galetes, i podr\u00e0 eliminar les galetes emmagatzemades al seu equip mitjan\u00e7ant els ajustos i configuracions del seu navegador d&#8217;Internet, indicats anteriorment, aix\u00ed com accedint al nostre panell de configuraci\u00f3:<\/p><br><\/p>\n\n\n\n<p>CONFIGURAR GALETES<\/p>\n\n\n\n<p>La present Pol\u00edtica de Galetes es podr\u00e0 modificar quan aix\u00ed ho exigeixi la legislaci\u00f3 vigent en cada moment o quan hi hagi alguna variaci\u00f3 en el tipus de galetes utilitzades al lloc web. Per aix\u00f2, li recomanem revisar aquesta pol\u00edtica cada vegada que accedeixi al nostre lloc web amb l&#8217;objectiu d&#8217;estar adequadament informat sobre com i per a qu\u00e8 usem les galetes.<\/p>\n","protected":false},"excerpt":{"rendered":"<p>Aquesta pol\u00edtica de galetes t\u00e9 per objectiu informar de manera clara i precisa sobre les galetes que s&#8217;utilitzen al nostre lloc web. Utilitzem galetes pr\u00f2pies i de tercers per millorar els nostres serveis, personalitzar el nostre lloc web, facilitar la navegaci\u00f3 dels nostres usuaris, proporcionar-li una millor experi\u00e8ncia en l&#8217;\u00fas del lloc web, identificar problemes [&hellip;]<\/p>\n","protected":false},"author":6,"featured_media":0,"parent":0,"menu_order":0,"comment_status":"closed","ping_status":"closed","template":"","meta":{"footnotes":""},"class_list":["post-23237","page","type-page","status-publish","hentry"],"yoast_head":"<!-- This site is optimized with the Yoast SEO plugin v27.4 - https:\/\/yoast.com\/product\/yoast-seo-wordpress\/ -->\n<title>Politica de cookies - Finques Argem\u00ed<\/title>\n<meta name=\"robots\" content=\"index, follow, max-snippet:-1, max-image-preview:large, max-video-preview:-1\" \/>\n<link rel=\"canonical\" href=\"https:\/\/finquesargemi.com\/ca\/politica-de-cookies\/\" \/>\n<meta property=\"og:locale\" content=\"ca_ES\" \/>\n<meta property=\"og:type\" content=\"article\" \/>\n<meta property=\"og:title\" content=\"Politica de cookies - Finques Argem\u00ed\" \/>\n<meta property=\"og:description\" content=\"Aquesta pol\u00edtica de galetes t\u00e9 per objectiu informar de manera clara i precisa sobre les galetes que s&#8217;utilitzen al nostre lloc web. Utilitzem galetes pr\u00f2pies i de tercers per millorar els nostres serveis, personalitzar el nostre lloc web, facilitar la navegaci\u00f3 dels nostres usuaris, proporcionar-li una millor experi\u00e8ncia en l&#8217;\u00fas del lloc web, identificar problemes [&hellip;]\" \/>\n<meta property=\"og:url\" content=\"https:\/\/finquesargemi.com\/ca\/politica-de-cookies\/\" \/>\n<meta property=\"og:site_name\" content=\"Finques Argem\u00ed\" \/>\n<meta property=\"article:modified_time\" content=\"2024-02-07T09:17:34+00:00\" \/>\n<meta property=\"og:image\" content=\"https:\/\/finquesargemi.com\/wp-content\/uploads\/2023\/11\/logo-scaled.webp\" \/>\n\t<meta property=\"og:image:width\" content=\"2560\" \/>\n\t<meta property=\"og:image:height\" content=\"1242\" \/>\n\t<meta property=\"og:image:type\" content=\"image\/png\" \/>\n<meta name=\"twitter:card\" content=\"summary_large_image\" \/>\n<script type=\"application\/ld+json\" class=\"yoast-schema-graph\">{\"@context\":\"https:\\\/\\\/schema.org\",\"@graph\":[{\"@type\":\"WebPage\",\"@id\":\"https:\\\/\\\/finquesargemi.com\\\/ca\\\/politica-de-cookies\\\/\",\"url\":\"https:\\\/\\\/finquesargemi.com\\\/ca\\\/politica-de-cookies\\\/\",\"name\":\"Politica de cookies - Finques Argem\u00ed\",\"isPartOf\":{\"@id\":\"https:\\\/\\\/finquesargemi.com\\\/ca\\\/#website\"},\"datePublished\":\"2023-11-06T16:58:35+00:00\",\"dateModified\":\"2024-02-07T09:17:34+00:00\",\"breadcrumb\":{\"@id\":\"https:\\\/\\\/finquesargemi.com\\\/ca\\\/politica-de-cookies\\\/#breadcrumb\"},\"inLanguage\":\"ca\",\"potentialAction\":[{\"@type\":\"ReadAction\",\"target\":[\"https:\\\/\\\/finquesargemi.com\\\/ca\\\/politica-de-cookies\\\/\"]}]},{\"@type\":\"BreadcrumbList\",\"@id\":\"https:\\\/\\\/finquesargemi.com\\\/ca\\\/politica-de-cookies\\\/#breadcrumb\",\"itemListElement\":[{\"@type\":\"ListItem\",\"position\":1,\"name\":\"Portada\",\"item\":\"https:\\\/\\\/finquesargemi.com\\\/ca\\\/\"},{\"@type\":\"ListItem\",\"position\":2,\"name\":\"Politica de cookies\"}]},{\"@type\":\"WebSite\",\"@id\":\"https:\\\/\\\/finquesargemi.com\\\/ca\\\/#website\",\"url\":\"https:\\\/\\\/finquesargemi.com\\\/ca\\\/\",\"name\":\"Finques Argem\u00ed\",\"description\":\"\",\"potentialAction\":[{\"@type\":\"SearchAction\",\"target\":{\"@type\":\"EntryPoint\",\"urlTemplate\":\"https:\\\/\\\/finquesargemi.com\\\/ca\\\/?s={search_term_string}\"},\"query-input\":{\"@type\":\"PropertyValueSpecification\",\"valueRequired\":true,\"valueName\":\"search_term_string\"}}],\"inLanguage\":\"ca\"}]}<\/script>\n<!-- \/ Yoast SEO plugin. -->","yoast_head_json":{"title":"Politica de cookies - Finques Argem\u00ed","robots":{"index":"index","follow":"follow","max-snippet":"max-snippet:-1","max-image-preview":"max-image-preview:large","max-video-preview":"max-video-preview:-1"},"canonical":"https:\/\/finquesargemi.com\/ca\/politica-de-cookies\/","og_locale":"ca_ES","og_type":"article","og_title":"Politica de cookies - Finques Argem\u00ed","og_description":"Aquesta pol\u00edtica de galetes t\u00e9 per objectiu informar de manera clara i precisa sobre les galetes que s&#8217;utilitzen al nostre lloc web. Utilitzem galetes pr\u00f2pies i de tercers per millorar els nostres serveis, personalitzar el nostre lloc web, facilitar la navegaci\u00f3 dels nostres usuaris, proporcionar-li una millor experi\u00e8ncia en l&#8217;\u00fas del lloc web, identificar problemes [&hellip;]","og_url":"https:\/\/finquesargemi.com\/ca\/politica-de-cookies\/","og_site_name":"Finques Argem\u00ed","article_modified_time":"2024-02-07T09:17:34+00:00","og_image":[{"width":2560,"height":1242,"url":"https:\/\/finquesargemi.com\/wp-content\/uploads\/2023\/11\/logo-scaled.webp","type":"image\/png"}],"twitter_card":"summary_large_image","schema":{"@context":"https:\/\/schema.org","@graph":[{"@type":"WebPage","@id":"https:\/\/finquesargemi.com\/ca\/politica-de-cookies\/","url":"https:\/\/finquesargemi.com\/ca\/politica-de-cookies\/","name":"Politica de cookies - Finques Argem\u00ed","isPartOf":{"@id":"https:\/\/finquesargemi.com\/ca\/#website"},"datePublished":"2023-11-06T16:58:35+00:00","dateModified":"2024-02-07T09:17:34+00:00","breadcrumb":{"@id":"https:\/\/finquesargemi.com\/ca\/politica-de-cookies\/#breadcrumb"},"inLanguage":"ca","potentialAction":[{"@type":"ReadAction","target":["https:\/\/finquesargemi.com\/ca\/politica-de-cookies\/"]}]},{"@type":"BreadcrumbList","@id":"https:\/\/finquesargemi.com\/ca\/politica-de-cookies\/#breadcrumb","itemListElement":[{"@type":"ListItem","position":1,"name":"Portada","item":"https:\/\/finquesargemi.com\/ca\/"},{"@type":"ListItem","position":2,"name":"Politica de cookies"}]},{"@type":"WebSite","@id":"https:\/\/finquesargemi.com\/ca\/#website","url":"https:\/\/finquesargemi.com\/ca\/","name":"Finques Argem\u00ed","description":"","potentialAction":[{"@type":"SearchAction","target":{"@type":"EntryPoint","urlTemplate":"https:\/\/finquesargemi.com\/ca\/?s={search_term_string}"},"query-input":{"@type":"PropertyValueSpecification","valueRequired":true,"valueName":"search_term_string"}}],"inLanguage":"ca"}]}},"_links":{"self":[{"href":"https:\/\/finquesargemi.com\/ca\/wp-json\/wp\/v2\/pages\/23237","targetHints":{"allow":["GET"]}}],"collection":[{"href":"https:\/\/finquesargemi.com\/ca\/wp-json\/wp\/v2\/pages"}],"about":[{"href":"https:\/\/finquesargemi.com\/ca\/wp-json\/wp\/v2\/types\/page"}],"author":[{"embeddable":true,"href":"https:\/\/finquesargemi.com\/ca\/wp-json\/wp\/v2\/users\/6"}],"replies":[{"embeddable":true,"href":"https:\/\/finquesargemi.com\/ca\/wp-json\/wp\/v2\/comments?post=23237"}],"version-history":[{"count":2,"href":"https:\/\/finquesargemi.com\/ca\/wp-json\/wp\/v2\/pages\/23237\/revisions"}],"predecessor-version":[{"id":23281,"href":"https:\/\/finquesargemi.com\/ca\/wp-json\/wp\/v2\/pages\/23237\/revisions\/23281"}],"wp:attachment":[{"href":"https:\/\/finquesargemi.com\/ca\/wp-json\/wp\/v2\/media?parent=23237"}],"curies":[{"name":"wp","href":"https:\/\/api.w.org\/{rel}","templated":true}]}}