{"id":23218,"date":"2023-11-23T13:50:16","date_gmt":"2023-11-23T12:50:16","guid":{"rendered":"https:\/\/finquesargemi.com\/compravenda-dimmobles\/"},"modified":"2024-02-06T17:57:26","modified_gmt":"2024-02-06T16:57:26","slug":"compravenda-dimmobles","status":"publish","type":"page","link":"https:\/\/finquesargemi.com\/ca\/compravenda-dimmobles\/","title":{"rendered":"Compravenda d&#8217;Immobles"},"content":{"rendered":"\t\t<div data-elementor-type=\"wp-page\" data-elementor-id=\"23218\" class=\"elementor elementor-23218 elementor-20618\" data-elementor-post-type=\"page\">\n\t\t\t\t<div class=\"elementor-element elementor-element-033265f e-flex e-con-boxed e-con e-parent\" data-id=\"033265f\" data-element_type=\"container\" data-e-type=\"container\" data-settings=\"{&quot;background_background&quot;:&quot;classic&quot;}\">\n\t\t\t\t\t<div class=\"e-con-inner\">\n\t\t\t\t\t<\/div>\n\t\t\t\t<\/div>\n\t\t<div class=\"elementor-element elementor-element-a517896 e-flex e-con-boxed e-con e-parent\" data-id=\"a517896\" data-element_type=\"container\" data-e-type=\"container\">\n\t\t\t\t\t<div class=\"e-con-inner\">\n\t\t<div class=\"elementor-element elementor-element-6f42d38 e-con-full e-flex e-con e-child\" data-id=\"6f42d38\" data-element_type=\"container\" data-e-type=\"container\">\n\t\t\t\t<div class=\"elementor-element elementor-element-2691f87 elementor-widget elementor-widget-heading\" data-id=\"2691f87\" data-element_type=\"widget\" data-e-type=\"widget\" data-widget_type=\"heading.default\">\n\t\t\t\t<div class=\"elementor-widget-container\">\n\t\t\t\t\t<h1 class=\"elementor-heading-title elementor-size-default\">Gesti\u00f3 Integral de Compravenda d'Immobles: La seva propietat en les millors mans.<\/h1>\t\t\t\t<\/div>\n\t\t\t\t<\/div>\n\t\t\t\t<div class=\"elementor-element elementor-element-6194807 elementor-widget elementor-widget-text-editor\" data-id=\"6194807\" data-element_type=\"widget\" data-e-type=\"widget\" data-widget_type=\"text-editor.default\">\n\t\t\t\t<div class=\"elementor-widget-container\">\n\t\t\t\t\t\t\t\t\t<p><span style=\"font-weight: 400;\">A Finques Argem\u00ed, entenem que vendre la seva propietat \u00e9s una decisi\u00f3 important i que requereix un enfocament professional i personalitzat. El nostre servei de Gesti\u00f3 de Compravenda d&#8217;Immobles est\u00e0 dissenyat per oferir una experi\u00e8ncia sense complicacions i exitosa.<\/span><\/p>\n\t\t\t\t\t\t\t\t<\/div>\n\t\t\t\t<\/div>\n\t\t\t\t<\/div>\n\t\t\t\t\t<\/div>\n\t\t\t\t<\/div>\n\t\t<div class=\"elementor-element elementor-element-a1b1314 e-flex e-con-boxed e-con e-parent\" data-id=\"a1b1314\" data-element_type=\"container\" data-e-type=\"container\">\n\t\t\t\t\t<div class=\"e-con-inner\">\n\t\t\t\t<div class=\"elementor-element elementor-element-d3dfd4d elementor-widget elementor-widget-text-editor\" data-id=\"d3dfd4d\" data-element_type=\"widget\" data-e-type=\"widget\" data-widget_type=\"text-editor.default\">\n\t\t\t\t<div class=\"elementor-widget-container\">\n\t\t\t\t\t\t\t\t\t<p>&#8211; Valorem la propietat sense cost.<br \/>&#8211; Oferim assessorament durant tot el proc\u00e9s de venda.<br \/>&#8211; Proporcionem una major difusi\u00f3 de la venda del seu immoble, publicant-lo a la nostra p\u00e0gina web i als principals portals immobiliaris, on principalment busquen els clients potencials.<br \/>&#8211; Disposem d\u00b4una gran cartera de clients interessats en la compra d\u00b4immobles.<br \/>&#8211; Tenim un ampli coneixement del mercat i els nostres agents estan en cont\u00ednua formaci\u00f3.<br \/>&#8211; Formem part de la xarxa Apialia Terrassa. Som 20 ag\u00e8ncies ubicades a la mateixa zona i compartim immobles i clients amb l&#8217;objectiu d&#8217;optimitzar el per\u00edode de venda del vostre immoble.<br \/>&#8211; Fem reportatges fotogr\u00e0fics i tours virtuals 360\u00ba d&#8217;alta qualitat perqu\u00e8 el client pugui veure l&#8217;immoble publicat amb m\u00e9s detall i de manera m\u00e9s propera.<br \/>&#8211; Ajudem a trobar finan\u00e7ament per la compra del vostre immoble.<br \/>&#8211; Preparem els contractes d\u201farres i ens ocupem d\u201fobtenir la documentaci\u00f3 necess\u00e0ria com la C\u00e8dula d\u201fHabitabilitat, el Certificat d\u201fEfici\u00e8ncia Energ\u00e8tica o notes registrals.<br \/>&#8211; Gestionem la signatura de compravenda davant de notari, revisant pr\u00e8viament tota la documentaci\u00f3.<br \/>&#8211; Oferim un tracte exclusiu i personalitzat per donar total seguretat als nostres clients.<br \/>&#8211; Som experts en la gesti\u00f3 de compravenda d&#8217;immobles, amb una llarga traject\u00f2ria de m\u00e9s de 70 anys que ens avala (API Col\u00b7legiat n\u00fam. 3.279).<\/p>\n\t\t\t\t\t\t\t\t<\/div>\n\t\t\t\t<\/div>\n\t\t<div class=\"elementor-element elementor-element-aa541fb e-flex e-con-boxed e-con e-child\" data-id=\"aa541fb\" data-element_type=\"container\" data-e-type=\"container\">\n\t\t\t\t\t<div class=\"e-con-inner\">\n\t\t\t\t<div class=\"elementor-element elementor-element-40bea24 elementor-widget elementor-widget-text-editor\" data-id=\"40bea24\" data-element_type=\"widget\" data-e-type=\"widget\" data-widget_type=\"text-editor.default\">\n\t\t\t\t<div class=\"elementor-widget-container\">\n\t\t\t\t\t\t\t\t\t<p><b>Tracte Exclusiu i Personalitzat:<\/b><\/p>\n<p><span style=\"font-weight: 400;\">El nostre comprom\u00eds \u00e9s proporcionar a cada client un tracte exclusiu i personalitzat, recolzat per m\u00e9s de 70 anys d&#8217;experi\u00e8ncia com a API Col\u00b7legiat. A Finques Argem\u00ed, la seva propietat \u00e9s a les millors mans. Confia en nosaltres per fer realitat una venda amb \u00e8xit.<\/span><\/p>\n\t\t\t\t\t\t\t\t<\/div>\n\t\t\t\t<\/div>\n\t\t\t\t\t<\/div>\n\t\t\t\t<\/div>\n\t\t\t\t\t<\/div>\n\t\t\t\t<\/div>\n\t\t\t\t<\/div>\n\t\t","protected":false},"excerpt":{"rendered":"<p>Gesti\u00f3 Integral de Compravenda d&#8217;Immobles: La seva propietat en les millors mans. A Finques Argem\u00ed, entenem que vendre la seva propietat \u00e9s una decisi\u00f3 important i que requereix un enfocament professional i personalitzat. El nostre servei de Gesti\u00f3 de Compravenda d&#8217;Immobles est\u00e0 dissenyat per oferir una experi\u00e8ncia sense complicacions i exitosa. &#8211; Valorem la propietat [&hellip;]<\/p>\n","protected":false},"author":6,"featured_media":0,"parent":0,"menu_order":0,"comment_status":"closed","ping_status":"closed","template":"elementor_header_footer","meta":{"footnotes":""},"class_list":["post-23218","page","type-page","status-publish","hentry"],"yoast_head":"<!-- This site is optimized with the Yoast SEO plugin v27.4 - https:\/\/yoast.com\/product\/yoast-seo-wordpress\/ -->\n<title>Compravenda d&#039;Immobles - Finques Argem\u00ed<\/title>\n<meta name=\"robots\" content=\"index, follow, max-snippet:-1, max-image-preview:large, max-video-preview:-1\" \/>\n<link rel=\"canonical\" href=\"https:\/\/finquesargemi.com\/ca\/compravenda-dimmobles\/\" \/>\n<meta property=\"og:locale\" content=\"ca_ES\" \/>\n<meta property=\"og:type\" content=\"article\" \/>\n<meta property=\"og:title\" content=\"Compravenda d&#039;Immobles - Finques Argem\u00ed\" \/>\n<meta property=\"og:description\" content=\"Gesti\u00f3 Integral de Compravenda d&#8217;Immobles: La seva propietat en les millors mans. A Finques Argem\u00ed, entenem que vendre la seva propietat \u00e9s una decisi\u00f3 important i que requereix un enfocament professional i personalitzat. El nostre servei de Gesti\u00f3 de Compravenda d&#8217;Immobles est\u00e0 dissenyat per oferir una experi\u00e8ncia sense complicacions i exitosa. &#8211; Valorem la propietat [&hellip;]\" \/>\n<meta property=\"og:url\" content=\"https:\/\/finquesargemi.com\/ca\/compravenda-dimmobles\/\" \/>\n<meta property=\"og:site_name\" content=\"Finques Argem\u00ed\" \/>\n<meta property=\"article:modified_time\" content=\"2024-02-06T16:57:26+00:00\" \/>\n<meta property=\"og:image\" content=\"https:\/\/finquesargemi.com\/wp-content\/uploads\/2023\/11\/logo-scaled.webp\" \/>\n\t<meta property=\"og:image:width\" content=\"2560\" \/>\n\t<meta property=\"og:image:height\" content=\"1242\" \/>\n\t<meta property=\"og:image:type\" content=\"image\/png\" \/>\n<meta name=\"twitter:card\" content=\"summary_large_image\" \/>\n<script type=\"application\/ld+json\" class=\"yoast-schema-graph\">{\"@context\":\"https:\\\/\\\/schema.org\",\"@graph\":[{\"@type\":\"WebPage\",\"@id\":\"https:\\\/\\\/finquesargemi.com\\\/ca\\\/compravenda-dimmobles\\\/\",\"url\":\"https:\\\/\\\/finquesargemi.com\\\/ca\\\/compravenda-dimmobles\\\/\",\"name\":\"Compravenda d'Immobles - Finques Argem\u00ed\",\"isPartOf\":{\"@id\":\"https:\\\/\\\/finquesargemi.com\\\/ca\\\/#website\"},\"datePublished\":\"2023-11-23T12:50:16+00:00\",\"dateModified\":\"2024-02-06T16:57:26+00:00\",\"breadcrumb\":{\"@id\":\"https:\\\/\\\/finquesargemi.com\\\/ca\\\/compravenda-dimmobles\\\/#breadcrumb\"},\"inLanguage\":\"ca\",\"potentialAction\":[{\"@type\":\"ReadAction\",\"target\":[\"https:\\\/\\\/finquesargemi.com\\\/ca\\\/compravenda-dimmobles\\\/\"]}]},{\"@type\":\"BreadcrumbList\",\"@id\":\"https:\\\/\\\/finquesargemi.com\\\/ca\\\/compravenda-dimmobles\\\/#breadcrumb\",\"itemListElement\":[{\"@type\":\"ListItem\",\"position\":1,\"name\":\"Portada\",\"item\":\"https:\\\/\\\/finquesargemi.com\\\/ca\\\/\"},{\"@type\":\"ListItem\",\"position\":2,\"name\":\"Compravenda d&#8217;Immobles\"}]},{\"@type\":\"WebSite\",\"@id\":\"https:\\\/\\\/finquesargemi.com\\\/ca\\\/#website\",\"url\":\"https:\\\/\\\/finquesargemi.com\\\/ca\\\/\",\"name\":\"Finques Argem\u00ed\",\"description\":\"\",\"potentialAction\":[{\"@type\":\"SearchAction\",\"target\":{\"@type\":\"EntryPoint\",\"urlTemplate\":\"https:\\\/\\\/finquesargemi.com\\\/ca\\\/?s={search_term_string}\"},\"query-input\":{\"@type\":\"PropertyValueSpecification\",\"valueRequired\":true,\"valueName\":\"search_term_string\"}}],\"inLanguage\":\"ca\"}]}<\/script>\n<!-- \/ Yoast SEO plugin. -->","yoast_head_json":{"title":"Compravenda d'Immobles - Finques Argem\u00ed","robots":{"index":"index","follow":"follow","max-snippet":"max-snippet:-1","max-image-preview":"max-image-preview:large","max-video-preview":"max-video-preview:-1"},"canonical":"https:\/\/finquesargemi.com\/ca\/compravenda-dimmobles\/","og_locale":"ca_ES","og_type":"article","og_title":"Compravenda d'Immobles - Finques Argem\u00ed","og_description":"Gesti\u00f3 Integral de Compravenda d&#8217;Immobles: La seva propietat en les millors mans. A Finques Argem\u00ed, entenem que vendre la seva propietat \u00e9s una decisi\u00f3 important i que requereix un enfocament professional i personalitzat. El nostre servei de Gesti\u00f3 de Compravenda d&#8217;Immobles est\u00e0 dissenyat per oferir una experi\u00e8ncia sense complicacions i exitosa. &#8211; Valorem la propietat [&hellip;]","og_url":"https:\/\/finquesargemi.com\/ca\/compravenda-dimmobles\/","og_site_name":"Finques Argem\u00ed","article_modified_time":"2024-02-06T16:57:26+00:00","og_image":[{"width":2560,"height":1242,"url":"https:\/\/finquesargemi.com\/wp-content\/uploads\/2023\/11\/logo-scaled.webp","type":"image\/png"}],"twitter_card":"summary_large_image","schema":{"@context":"https:\/\/schema.org","@graph":[{"@type":"WebPage","@id":"https:\/\/finquesargemi.com\/ca\/compravenda-dimmobles\/","url":"https:\/\/finquesargemi.com\/ca\/compravenda-dimmobles\/","name":"Compravenda d'Immobles - Finques Argem\u00ed","isPartOf":{"@id":"https:\/\/finquesargemi.com\/ca\/#website"},"datePublished":"2023-11-23T12:50:16+00:00","dateModified":"2024-02-06T16:57:26+00:00","breadcrumb":{"@id":"https:\/\/finquesargemi.com\/ca\/compravenda-dimmobles\/#breadcrumb"},"inLanguage":"ca","potentialAction":[{"@type":"ReadAction","target":["https:\/\/finquesargemi.com\/ca\/compravenda-dimmobles\/"]}]},{"@type":"BreadcrumbList","@id":"https:\/\/finquesargemi.com\/ca\/compravenda-dimmobles\/#breadcrumb","itemListElement":[{"@type":"ListItem","position":1,"name":"Portada","item":"https:\/\/finquesargemi.com\/ca\/"},{"@type":"ListItem","position":2,"name":"Compravenda d&#8217;Immobles"}]},{"@type":"WebSite","@id":"https:\/\/finquesargemi.com\/ca\/#website","url":"https:\/\/finquesargemi.com\/ca\/","name":"Finques Argem\u00ed","description":"","potentialAction":[{"@type":"SearchAction","target":{"@type":"EntryPoint","urlTemplate":"https:\/\/finquesargemi.com\/ca\/?s={search_term_string}"},"query-input":{"@type":"PropertyValueSpecification","valueRequired":true,"valueName":"search_term_string"}}],"inLanguage":"ca"}]}},"_links":{"self":[{"href":"https:\/\/finquesargemi.com\/ca\/wp-json\/wp\/v2\/pages\/23218","targetHints":{"allow":["GET"]}}],"collection":[{"href":"https:\/\/finquesargemi.com\/ca\/wp-json\/wp\/v2\/pages"}],"about":[{"href":"https:\/\/finquesargemi.com\/ca\/wp-json\/wp\/v2\/types\/page"}],"author":[{"embeddable":true,"href":"https:\/\/finquesargemi.com\/ca\/wp-json\/wp\/v2\/users\/6"}],"replies":[{"embeddable":true,"href":"https:\/\/finquesargemi.com\/ca\/wp-json\/wp\/v2\/comments?post=23218"}],"version-history":[{"count":3,"href":"https:\/\/finquesargemi.com\/ca\/wp-json\/wp\/v2\/pages\/23218\/revisions"}],"predecessor-version":[{"id":23221,"href":"https:\/\/finquesargemi.com\/ca\/wp-json\/wp\/v2\/pages\/23218\/revisions\/23221"}],"wp:attachment":[{"href":"https:\/\/finquesargemi.com\/ca\/wp-json\/wp\/v2\/media?parent=23218"}],"curies":[{"name":"wp","href":"https:\/\/api.w.org\/{rel}","templated":true}]}}