{"id":23196,"date":"2023-11-10T10:59:09","date_gmt":"2023-11-10T09:59:09","guid":{"rendered":"https:\/\/finquesargemi.com\/accessibilitat\/"},"modified":"2024-02-06T16:47:31","modified_gmt":"2024-02-06T15:47:31","slug":"accessibilitat","status":"publish","type":"page","link":"https:\/\/finquesargemi.com\/ca\/accessibilitat\/","title":{"rendered":"Accessibilitat"},"content":{"rendered":"\n<br\/><h2 class=\"wp-block-heading has-medium-font-size\"><strong>Declaraci\u00f3 d&#8217;accessibilitat<\/strong><\/h2>\n\n<p><strong>FINQUES ARGEM\u00cd SL<\/strong> s&#8217;ha comprom\u00e8s a fer accessible el web <a href=\"http:\/\/www.finquesargemi.com\/\">www.finquesargemi.com<\/a> , de conformitat amb la UNE-EN 301 549:2022 \u2013 excloent-ne el contingut excl\u00f2s pel RD 1112\/2018<\/p>\n\n<p>Aquesta declaraci\u00f3 d&#8217;accessibilitat s&#8217;aplica al lloc web a qu\u00e8 fa refer\u00e8ncia la declaraci\u00f3, segons el cas.  <\/p><br\/>\n\n<p><strong>Situaci\u00f3 de compliment<\/strong><\/p>\n\n<p>Aquest lloc web \u00e9s plenament conforme amb el <a href=\"http:\/\/www.boe.es\/diario_boe\/txt.php?id=BOE-A-2018-12699\">RD 1112\/2018<\/a><\/p>\n\n<p>Sent la web generalment avaluada com<\/p>\n\n<ul class=\"wp-block-list\">\n<li>Perceptible, quant a informaci\u00f3 i components de la interf\u00edcie<\/li>\n\n\n\n<li>Operable quant a components de la interf\u00edcie d&#8217;usuari i navegaci\u00f3<\/li>\n\n\n\n<li>Comprensible, quant a la informaci\u00f3 i el maneig de la interf\u00edcie d&#8217;usuari<\/li>\n\n\n\n<li>Robust, quant al contingut i la seva interpretaci\u00f3<\/li><br\/>\n<\/ul>\n\n<p><strong>Preparaci\u00f3 d&#8217;aquesta declaraci\u00f3 d&#8217;accessibilitat<\/strong><\/p>\n\n<p>Aquesta declaraci\u00f3 va ser preparada l&#8217;11 de novembre de 2023<\/p>\n\n<p>El m\u00e8tode emprat per preparar la declaraci\u00f3 ha estat una autoavaluaci\u00f3 en combinaci\u00f3 amb lavaluaci\u00f3 del web https:\/\/www.tawdis.net\/  <\/p>\n\n<p>La Declaraci\u00f3 d&#8217;Accessibilitat ha estat revisada i actualitzada el mar\u00e7 del 2023.<\/p><br\/>\n\n<p><strong>Observacions i dades de contacte<\/strong><\/p>\n\n<p>Podeu fer comunicacions a trav\u00e9s del formulari de contacte d&#8217;aquest lloc web, sobre requisits d&#8217;accessibilitat (article 10.2.a del RD 1112\/2018) per a:<\/p>\n\n<ul class=\"wp-block-list\">\n<li>Informar sobre qualsevol possible incompliment per part d&#8217;aquest lloc web<\/li>\n\n\n\n<li>Transmetre altres dificultats d&#8217;acc\u00e9s al contingut<\/li>\n\n\n\n<li>Formular qualsevol altra consulta o suggeriment de millora relativa a l&#8217;accessibilitat del lloc web<\/li>\n<\/ul>\n\n<p>Qualsevol persona f\u00edsica o jur\u00eddica pot formular queixes relatives al compliment dels requisits del Reial decret 1112\/2018, de 7 de setembre, aix\u00ed com sol\u00b7licitar informaci\u00f3 relativa a continguts que estiguin exclosos de l\u00e0mbit daplicaci\u00f3 daquesta normativa.<\/p>\n\n<p>Un cop rebuda la vostra consulta d&#8217;informaci\u00f3 o queixa, donarem resposta en el menor temps possible.<\/p><br\/>\n\n<p><strong>El nostre comprom\u00eds amb l&#8217;accessibilitat<\/strong><\/p>\n\n<p>En aquesta web s&#8217;han adoptat una s\u00e8rie de mesures que tenen com a objectiu millorar l&#8217;accessibilitat mitjan\u00e7ant<\/p>\n\n<ul class=\"wp-block-list\">\n<li>Incloure continguts clars i ben estructurats.<\/li>\n\n\n\n<li>Millorar la navegaci\u00f3 i lexperi\u00e8ncia de lusuari.<\/li>\n<\/ul>\n","protected":false},"excerpt":{"rendered":"<p>Declaraci\u00f3 d&#8217;accessibilitat FINQUES ARGEM\u00cd SL s&#8217;ha comprom\u00e8s a fer accessible el web www.finquesargemi.com , de conformitat amb la UNE-EN 301 549:2022 \u2013 excloent-ne el contingut excl\u00f2s pel RD 1112\/2018 Aquesta declaraci\u00f3 d&#8217;accessibilitat s&#8217;aplica al lloc web a qu\u00e8 fa refer\u00e8ncia la declaraci\u00f3, segons el cas. Situaci\u00f3 de compliment Aquest lloc web \u00e9s plenament conforme amb [&hellip;]<\/p>\n","protected":false},"author":6,"featured_media":0,"parent":0,"menu_order":0,"comment_status":"closed","ping_status":"closed","template":"","meta":{"footnotes":""},"class_list":["post-23196","page","type-page","status-publish","hentry"],"yoast_head":"<!-- This site is optimized with the Yoast SEO plugin v27.3 - https:\/\/yoast.com\/product\/yoast-seo-wordpress\/ -->\n<title>Accessibilitat - Finques Argem\u00ed<\/title>\n<meta name=\"robots\" content=\"index, follow, max-snippet:-1, max-image-preview:large, max-video-preview:-1\" \/>\n<link rel=\"canonical\" href=\"https:\/\/finquesargemi.com\/ca\/accessibilitat\/\" \/>\n<meta property=\"og:locale\" content=\"ca_ES\" \/>\n<meta property=\"og:type\" content=\"article\" \/>\n<meta property=\"og:title\" content=\"Accessibilitat - Finques Argem\u00ed\" \/>\n<meta property=\"og:description\" content=\"Declaraci\u00f3 d&#8217;accessibilitat FINQUES ARGEM\u00cd SL s&#8217;ha comprom\u00e8s a fer accessible el web www.finquesargemi.com , de conformitat amb la UNE-EN 301 549:2022 \u2013 excloent-ne el contingut excl\u00f2s pel RD 1112\/2018 Aquesta declaraci\u00f3 d&#8217;accessibilitat s&#8217;aplica al lloc web a qu\u00e8 fa refer\u00e8ncia la declaraci\u00f3, segons el cas. Situaci\u00f3 de compliment Aquest lloc web \u00e9s plenament conforme amb [&hellip;]\" \/>\n<meta property=\"og:url\" content=\"https:\/\/finquesargemi.com\/ca\/accessibilitat\/\" \/>\n<meta property=\"og:site_name\" content=\"Finques Argem\u00ed\" \/>\n<meta property=\"article:modified_time\" content=\"2024-02-06T15:47:31+00:00\" \/>\n<meta property=\"og:image\" content=\"https:\/\/finquesargemi.com\/wp-content\/uploads\/2023\/11\/logo-scaled.webp\" \/>\n\t<meta property=\"og:image:width\" content=\"2560\" \/>\n\t<meta property=\"og:image:height\" content=\"1242\" \/>\n\t<meta property=\"og:image:type\" content=\"image\/png\" \/>\n<meta name=\"twitter:card\" content=\"summary_large_image\" \/>\n<script type=\"application\/ld+json\" class=\"yoast-schema-graph\">{\"@context\":\"https:\\\/\\\/schema.org\",\"@graph\":[{\"@type\":\"WebPage\",\"@id\":\"https:\\\/\\\/finquesargemi.com\\\/ca\\\/accessibilitat\\\/\",\"url\":\"https:\\\/\\\/finquesargemi.com\\\/ca\\\/accessibilitat\\\/\",\"name\":\"Accessibilitat - Finques Argem\u00ed\",\"isPartOf\":{\"@id\":\"https:\\\/\\\/finquesargemi.com\\\/ca\\\/#website\"},\"datePublished\":\"2023-11-10T09:59:09+00:00\",\"dateModified\":\"2024-02-06T15:47:31+00:00\",\"breadcrumb\":{\"@id\":\"https:\\\/\\\/finquesargemi.com\\\/ca\\\/accessibilitat\\\/#breadcrumb\"},\"inLanguage\":\"ca\",\"potentialAction\":[{\"@type\":\"ReadAction\",\"target\":[\"https:\\\/\\\/finquesargemi.com\\\/ca\\\/accessibilitat\\\/\"]}]},{\"@type\":\"BreadcrumbList\",\"@id\":\"https:\\\/\\\/finquesargemi.com\\\/ca\\\/accessibilitat\\\/#breadcrumb\",\"itemListElement\":[{\"@type\":\"ListItem\",\"position\":1,\"name\":\"Portada\",\"item\":\"https:\\\/\\\/finquesargemi.com\\\/ca\\\/\"},{\"@type\":\"ListItem\",\"position\":2,\"name\":\"Accessibilitat\"}]},{\"@type\":\"WebSite\",\"@id\":\"https:\\\/\\\/finquesargemi.com\\\/ca\\\/#website\",\"url\":\"https:\\\/\\\/finquesargemi.com\\\/ca\\\/\",\"name\":\"Finques Argem\u00ed\",\"description\":\"\",\"potentialAction\":[{\"@type\":\"SearchAction\",\"target\":{\"@type\":\"EntryPoint\",\"urlTemplate\":\"https:\\\/\\\/finquesargemi.com\\\/ca\\\/?s={search_term_string}\"},\"query-input\":{\"@type\":\"PropertyValueSpecification\",\"valueRequired\":true,\"valueName\":\"search_term_string\"}}],\"inLanguage\":\"ca\"}]}<\/script>\n<!-- \/ Yoast SEO plugin. -->","yoast_head_json":{"title":"Accessibilitat - Finques Argem\u00ed","robots":{"index":"index","follow":"follow","max-snippet":"max-snippet:-1","max-image-preview":"max-image-preview:large","max-video-preview":"max-video-preview:-1"},"canonical":"https:\/\/finquesargemi.com\/ca\/accessibilitat\/","og_locale":"ca_ES","og_type":"article","og_title":"Accessibilitat - Finques Argem\u00ed","og_description":"Declaraci\u00f3 d&#8217;accessibilitat FINQUES ARGEM\u00cd SL s&#8217;ha comprom\u00e8s a fer accessible el web www.finquesargemi.com , de conformitat amb la UNE-EN 301 549:2022 \u2013 excloent-ne el contingut excl\u00f2s pel RD 1112\/2018 Aquesta declaraci\u00f3 d&#8217;accessibilitat s&#8217;aplica al lloc web a qu\u00e8 fa refer\u00e8ncia la declaraci\u00f3, segons el cas. Situaci\u00f3 de compliment Aquest lloc web \u00e9s plenament conforme amb [&hellip;]","og_url":"https:\/\/finquesargemi.com\/ca\/accessibilitat\/","og_site_name":"Finques Argem\u00ed","article_modified_time":"2024-02-06T15:47:31+00:00","og_image":[{"width":2560,"height":1242,"url":"https:\/\/finquesargemi.com\/wp-content\/uploads\/2023\/11\/logo-scaled.webp","type":"image\/png"}],"twitter_card":"summary_large_image","schema":{"@context":"https:\/\/schema.org","@graph":[{"@type":"WebPage","@id":"https:\/\/finquesargemi.com\/ca\/accessibilitat\/","url":"https:\/\/finquesargemi.com\/ca\/accessibilitat\/","name":"Accessibilitat - Finques Argem\u00ed","isPartOf":{"@id":"https:\/\/finquesargemi.com\/ca\/#website"},"datePublished":"2023-11-10T09:59:09+00:00","dateModified":"2024-02-06T15:47:31+00:00","breadcrumb":{"@id":"https:\/\/finquesargemi.com\/ca\/accessibilitat\/#breadcrumb"},"inLanguage":"ca","potentialAction":[{"@type":"ReadAction","target":["https:\/\/finquesargemi.com\/ca\/accessibilitat\/"]}]},{"@type":"BreadcrumbList","@id":"https:\/\/finquesargemi.com\/ca\/accessibilitat\/#breadcrumb","itemListElement":[{"@type":"ListItem","position":1,"name":"Portada","item":"https:\/\/finquesargemi.com\/ca\/"},{"@type":"ListItem","position":2,"name":"Accessibilitat"}]},{"@type":"WebSite","@id":"https:\/\/finquesargemi.com\/ca\/#website","url":"https:\/\/finquesargemi.com\/ca\/","name":"Finques Argem\u00ed","description":"","potentialAction":[{"@type":"SearchAction","target":{"@type":"EntryPoint","urlTemplate":"https:\/\/finquesargemi.com\/ca\/?s={search_term_string}"},"query-input":{"@type":"PropertyValueSpecification","valueRequired":true,"valueName":"search_term_string"}}],"inLanguage":"ca"}]}},"_links":{"self":[{"href":"https:\/\/finquesargemi.com\/ca\/wp-json\/wp\/v2\/pages\/23196","targetHints":{"allow":["GET"]}}],"collection":[{"href":"https:\/\/finquesargemi.com\/ca\/wp-json\/wp\/v2\/pages"}],"about":[{"href":"https:\/\/finquesargemi.com\/ca\/wp-json\/wp\/v2\/types\/page"}],"author":[{"embeddable":true,"href":"https:\/\/finquesargemi.com\/ca\/wp-json\/wp\/v2\/users\/6"}],"replies":[{"embeddable":true,"href":"https:\/\/finquesargemi.com\/ca\/wp-json\/wp\/v2\/comments?post=23196"}],"version-history":[{"count":3,"href":"https:\/\/finquesargemi.com\/ca\/wp-json\/wp\/v2\/pages\/23196\/revisions"}],"predecessor-version":[{"id":23199,"href":"https:\/\/finquesargemi.com\/ca\/wp-json\/wp\/v2\/pages\/23196\/revisions\/23199"}],"wp:attachment":[{"href":"https:\/\/finquesargemi.com\/ca\/wp-json\/wp\/v2\/media?parent=23196"}],"curies":[{"name":"wp","href":"https:\/\/api.w.org\/{rel}","templated":true}]}}