{"id":23192,"date":"2023-11-23T13:51:55","date_gmt":"2023-11-23T12:51:55","guid":{"rendered":"https:\/\/finquesargemi.com\/administracio-de-comunitats-de-propietaris\/"},"modified":"2024-02-06T16:48:22","modified_gmt":"2024-02-06T15:48:22","slug":"administracio-de-comunitats-de-propietaris","status":"publish","type":"page","link":"https:\/\/finquesargemi.com\/ca\/administracio-de-comunitats-de-propietaris\/","title":{"rendered":"Administraci\u00f3 de comunitats de propietaris."},"content":{"rendered":"\t\t<div data-elementor-type=\"wp-page\" data-elementor-id=\"23192\" class=\"elementor elementor-23192 elementor-20622\" data-elementor-post-type=\"page\">\n\t\t\t\t<div class=\"elementor-element elementor-element-0b1fe4f e-flex e-con-boxed e-con e-parent\" data-id=\"0b1fe4f\" data-element_type=\"container\" data-e-type=\"container\" data-settings=\"{&quot;background_background&quot;:&quot;classic&quot;}\">\n\t\t\t\t\t<div class=\"e-con-inner\">\n\t\t\t\t\t<\/div>\n\t\t\t\t<\/div>\n\t\t<div class=\"elementor-element elementor-element-a5b5019 e-flex e-con-boxed e-con e-parent\" data-id=\"a5b5019\" data-element_type=\"container\" data-e-type=\"container\">\n\t\t\t\t\t<div class=\"e-con-inner\">\n\t\t<div class=\"elementor-element elementor-element-b161e8f e-flex e-con-boxed e-con e-child\" data-id=\"b161e8f\" data-element_type=\"container\" data-e-type=\"container\">\n\t\t\t\t\t<div class=\"e-con-inner\">\n\t\t\t\t<div class=\"elementor-element elementor-element-24b9106 elementor-widget elementor-widget-heading\" data-id=\"24b9106\" data-element_type=\"widget\" data-e-type=\"widget\" data-widget_type=\"heading.default\">\n\t\t\t\t<div class=\"elementor-widget-container\">\n\t\t\t\t\t<h1 class=\"elementor-heading-title elementor-size-default\">Gesti\u00f3 Integral de Comunitats de Propietaris amb Finques Argem\u00ed.<\/h1>\t\t\t\t<\/div>\n\t\t\t\t<\/div>\n\t\t\t\t<div class=\"elementor-element elementor-element-15d6e10 elementor-widget elementor-widget-text-editor\" data-id=\"15d6e10\" data-element_type=\"widget\" data-e-type=\"widget\" data-widget_type=\"text-editor.default\">\n\t\t\t\t<div class=\"elementor-widget-container\">\n\t\t\t\t\t\t\t\t\t<p>Com a experts en la gesti\u00f3 de Comunitats de Propietaris, amb una llarga traject\u00f2ria de m\u00e9s de 70 anys que ens avala (Administrador de Finques Col\u00b7legiat n\u00ba 5.636, API Col\u00b7legiat n\u00ba 3.279, n\u00ba AICAT 4645), la nostra administraci\u00f3 inclou els seg\u00fcents serveis:<\/p>\n\t\t\t\t\t\t\t\t<\/div>\n\t\t\t\t<\/div>\n\t\t\t\t<div class=\"elementor-element elementor-element-8f09982 elementor-widget elementor-widget-text-editor\" data-id=\"8f09982\" data-element_type=\"widget\" data-e-type=\"widget\" data-widget_type=\"text-editor.default\">\n\t\t\t\t<div class=\"elementor-widget-container\">\n\t\t\t\t\t\t\t\t\t<p>&#8211; Gesti\u00f3 de cobrament de rebuts ordinaris i extraordinaris.<br \/>&#8211; Control, seguiment i notificaci\u00f3 de rebuts pendents de pagament.<br \/>&#8211; Gesti\u00f3 econ\u00f2mica de la Comunitat: pagament i control de subministraments, assegurances, manteniments, despeses ordinaris, despeses extraordin\u00e0ries i impostos.<br \/>&#8211; Confecci\u00f3 de pressupostos ordinaris anuals i c\u00e0lcul de les quotes.<br \/>anuals per a cada departament, segons coeficients aplicats.<br \/>&#8211; Convocat\u00f2ria de les juntes ordin\u00e0ries, confecci\u00f3 de les actes de la Junta, transcripci\u00f3 en el llibre d&#8217;actes de la Comunitat i enviament de l&#8217;acta a tots els propietaris de la finca.<br \/>&#8211; Assist\u00e8ncia administrativa i assessorament a les reunions de la finca, actuant com a mediadors davant de l&#8217;administraci\u00f3 p\u00fablica.<br \/>&#8211; Gesti\u00f3 i seguiment d&#8217;incid\u00e8ncies dels elements comuns, tr\u00e0mit de sinistres amb l&#8217;asseguran\u00e7a, av\u00eds als industrials, sol\u00b7licitud de pressupostos i gesti\u00f3 de les reparacions.<br \/>&#8211; Mediaci\u00f3 i assessorament en conflictes entre els copropietaris.<br \/>&#8211; Assessorament i tramitaci\u00f3 d&#8217;altres serveis i subministraments de la finca.<br \/>&#8211; Cust\u00f2dia de la documentaci\u00f3 de la finca.<br \/>&#8211; Assessorament jur\u00eddic sobre la legislaci\u00f3 i obligacions de la Comunitat (ITE, Certificat Energ\u00e8tic, Protecci\u00f3 de Dades, etc.).<\/p>\n\t\t\t\t\t\t\t\t<\/div>\n\t\t\t\t<\/div>\n\t\t\t\t<div class=\"elementor-element elementor-element-acd6538 elementor-widget elementor-widget-text-editor\" data-id=\"acd6538\" data-element_type=\"widget\" data-e-type=\"widget\" data-widget_type=\"text-editor.default\">\n\t\t\t\t<div class=\"elementor-widget-container\">\n\t\t\t\t\t\t\t\t\t<p><span style=\"font-weight: 400;\">A Finques Argem\u00ed, treballem incansablement per simplificar la gesti\u00f3 de la teva comunitat, assegurant una conviv\u00e8ncia harm\u00f2nica i una administraci\u00f3 eficient. Confia en nosaltres per cuidar del teu llar col\u00b7lectiu!<\/span><\/p>\n\t\t\t\t\t\t\t\t<\/div>\n\t\t\t\t<\/div>\n\t\t\t\t\t<\/div>\n\t\t\t\t<\/div>\n\t\t\t\t\t<\/div>\n\t\t\t\t<\/div>\n\t\t\t\t<\/div>\n\t\t","protected":false},"excerpt":{"rendered":"<p>Gesti\u00f3 Integral de Comunitats de Propietaris amb Finques Argem\u00ed. Com a experts en la gesti\u00f3 de Comunitats de Propietaris, amb una llarga traject\u00f2ria de m\u00e9s de 70 anys que ens avala (Administrador de Finques Col\u00b7legiat n\u00ba 5.636, API Col\u00b7legiat n\u00ba 3.279, n\u00ba AICAT 4645), la nostra administraci\u00f3 inclou els seg\u00fcents serveis: &#8211; Gesti\u00f3 de cobrament [&hellip;]<\/p>\n","protected":false},"author":6,"featured_media":0,"parent":0,"menu_order":0,"comment_status":"closed","ping_status":"closed","template":"elementor_header_footer","meta":{"footnotes":""},"class_list":["post-23192","page","type-page","status-publish","hentry"],"yoast_head":"<!-- This site is optimized with the Yoast SEO plugin v27.3 - https:\/\/yoast.com\/product\/yoast-seo-wordpress\/ -->\n<title>Administraci\u00f3 de comunitats de propietaris. - Finques Argem\u00ed<\/title>\n<meta name=\"robots\" content=\"index, follow, max-snippet:-1, max-image-preview:large, max-video-preview:-1\" \/>\n<link rel=\"canonical\" href=\"https:\/\/finquesargemi.com\/ca\/administracio-de-comunitats-de-propietaris\/\" \/>\n<meta property=\"og:locale\" content=\"ca_ES\" \/>\n<meta property=\"og:type\" content=\"article\" \/>\n<meta property=\"og:title\" content=\"Administraci\u00f3 de comunitats de propietaris. - Finques Argem\u00ed\" \/>\n<meta property=\"og:description\" content=\"Gesti\u00f3 Integral de Comunitats de Propietaris amb Finques Argem\u00ed. Com a experts en la gesti\u00f3 de Comunitats de Propietaris, amb una llarga traject\u00f2ria de m\u00e9s de 70 anys que ens avala (Administrador de Finques Col\u00b7legiat n\u00ba 5.636, API Col\u00b7legiat n\u00ba 3.279, n\u00ba AICAT 4645), la nostra administraci\u00f3 inclou els seg\u00fcents serveis: &#8211; Gesti\u00f3 de cobrament [&hellip;]\" \/>\n<meta property=\"og:url\" content=\"https:\/\/finquesargemi.com\/ca\/administracio-de-comunitats-de-propietaris\/\" \/>\n<meta property=\"og:site_name\" content=\"Finques Argem\u00ed\" \/>\n<meta property=\"article:modified_time\" content=\"2024-02-06T15:48:22+00:00\" \/>\n<meta property=\"og:image\" content=\"https:\/\/finquesargemi.com\/wp-content\/uploads\/2023\/11\/logo-scaled.webp\" \/>\n\t<meta property=\"og:image:width\" content=\"2560\" \/>\n\t<meta property=\"og:image:height\" content=\"1242\" \/>\n\t<meta property=\"og:image:type\" content=\"image\/png\" \/>\n<meta name=\"twitter:card\" content=\"summary_large_image\" \/>\n<script type=\"application\/ld+json\" class=\"yoast-schema-graph\">{\"@context\":\"https:\\\/\\\/schema.org\",\"@graph\":[{\"@type\":\"WebPage\",\"@id\":\"https:\\\/\\\/finquesargemi.com\\\/ca\\\/administracio-de-comunitats-de-propietaris\\\/\",\"url\":\"https:\\\/\\\/finquesargemi.com\\\/ca\\\/administracio-de-comunitats-de-propietaris\\\/\",\"name\":\"Administraci\u00f3 de comunitats de propietaris. - Finques Argem\u00ed\",\"isPartOf\":{\"@id\":\"https:\\\/\\\/finquesargemi.com\\\/ca\\\/#website\"},\"datePublished\":\"2023-11-23T12:51:55+00:00\",\"dateModified\":\"2024-02-06T15:48:22+00:00\",\"breadcrumb\":{\"@id\":\"https:\\\/\\\/finquesargemi.com\\\/ca\\\/administracio-de-comunitats-de-propietaris\\\/#breadcrumb\"},\"inLanguage\":\"ca\",\"potentialAction\":[{\"@type\":\"ReadAction\",\"target\":[\"https:\\\/\\\/finquesargemi.com\\\/ca\\\/administracio-de-comunitats-de-propietaris\\\/\"]}]},{\"@type\":\"BreadcrumbList\",\"@id\":\"https:\\\/\\\/finquesargemi.com\\\/ca\\\/administracio-de-comunitats-de-propietaris\\\/#breadcrumb\",\"itemListElement\":[{\"@type\":\"ListItem\",\"position\":1,\"name\":\"Portada\",\"item\":\"https:\\\/\\\/finquesargemi.com\\\/ca\\\/\"},{\"@type\":\"ListItem\",\"position\":2,\"name\":\"Administraci\u00f3 de comunitats de propietaris.\"}]},{\"@type\":\"WebSite\",\"@id\":\"https:\\\/\\\/finquesargemi.com\\\/ca\\\/#website\",\"url\":\"https:\\\/\\\/finquesargemi.com\\\/ca\\\/\",\"name\":\"Finques Argem\u00ed\",\"description\":\"\",\"potentialAction\":[{\"@type\":\"SearchAction\",\"target\":{\"@type\":\"EntryPoint\",\"urlTemplate\":\"https:\\\/\\\/finquesargemi.com\\\/ca\\\/?s={search_term_string}\"},\"query-input\":{\"@type\":\"PropertyValueSpecification\",\"valueRequired\":true,\"valueName\":\"search_term_string\"}}],\"inLanguage\":\"ca\"}]}<\/script>\n<!-- \/ Yoast SEO plugin. -->","yoast_head_json":{"title":"Administraci\u00f3 de comunitats de propietaris. - Finques Argem\u00ed","robots":{"index":"index","follow":"follow","max-snippet":"max-snippet:-1","max-image-preview":"max-image-preview:large","max-video-preview":"max-video-preview:-1"},"canonical":"https:\/\/finquesargemi.com\/ca\/administracio-de-comunitats-de-propietaris\/","og_locale":"ca_ES","og_type":"article","og_title":"Administraci\u00f3 de comunitats de propietaris. - Finques Argem\u00ed","og_description":"Gesti\u00f3 Integral de Comunitats de Propietaris amb Finques Argem\u00ed. Com a experts en la gesti\u00f3 de Comunitats de Propietaris, amb una llarga traject\u00f2ria de m\u00e9s de 70 anys que ens avala (Administrador de Finques Col\u00b7legiat n\u00ba 5.636, API Col\u00b7legiat n\u00ba 3.279, n\u00ba AICAT 4645), la nostra administraci\u00f3 inclou els seg\u00fcents serveis: &#8211; Gesti\u00f3 de cobrament [&hellip;]","og_url":"https:\/\/finquesargemi.com\/ca\/administracio-de-comunitats-de-propietaris\/","og_site_name":"Finques Argem\u00ed","article_modified_time":"2024-02-06T15:48:22+00:00","og_image":[{"width":2560,"height":1242,"url":"https:\/\/finquesargemi.com\/wp-content\/uploads\/2023\/11\/logo-scaled.webp","type":"image\/png"}],"twitter_card":"summary_large_image","schema":{"@context":"https:\/\/schema.org","@graph":[{"@type":"WebPage","@id":"https:\/\/finquesargemi.com\/ca\/administracio-de-comunitats-de-propietaris\/","url":"https:\/\/finquesargemi.com\/ca\/administracio-de-comunitats-de-propietaris\/","name":"Administraci\u00f3 de comunitats de propietaris. - Finques Argem\u00ed","isPartOf":{"@id":"https:\/\/finquesargemi.com\/ca\/#website"},"datePublished":"2023-11-23T12:51:55+00:00","dateModified":"2024-02-06T15:48:22+00:00","breadcrumb":{"@id":"https:\/\/finquesargemi.com\/ca\/administracio-de-comunitats-de-propietaris\/#breadcrumb"},"inLanguage":"ca","potentialAction":[{"@type":"ReadAction","target":["https:\/\/finquesargemi.com\/ca\/administracio-de-comunitats-de-propietaris\/"]}]},{"@type":"BreadcrumbList","@id":"https:\/\/finquesargemi.com\/ca\/administracio-de-comunitats-de-propietaris\/#breadcrumb","itemListElement":[{"@type":"ListItem","position":1,"name":"Portada","item":"https:\/\/finquesargemi.com\/ca\/"},{"@type":"ListItem","position":2,"name":"Administraci\u00f3 de comunitats de propietaris."}]},{"@type":"WebSite","@id":"https:\/\/finquesargemi.com\/ca\/#website","url":"https:\/\/finquesargemi.com\/ca\/","name":"Finques Argem\u00ed","description":"","potentialAction":[{"@type":"SearchAction","target":{"@type":"EntryPoint","urlTemplate":"https:\/\/finquesargemi.com\/ca\/?s={search_term_string}"},"query-input":{"@type":"PropertyValueSpecification","valueRequired":true,"valueName":"search_term_string"}}],"inLanguage":"ca"}]}},"_links":{"self":[{"href":"https:\/\/finquesargemi.com\/ca\/wp-json\/wp\/v2\/pages\/23192","targetHints":{"allow":["GET"]}}],"collection":[{"href":"https:\/\/finquesargemi.com\/ca\/wp-json\/wp\/v2\/pages"}],"about":[{"href":"https:\/\/finquesargemi.com\/ca\/wp-json\/wp\/v2\/types\/page"}],"author":[{"embeddable":true,"href":"https:\/\/finquesargemi.com\/ca\/wp-json\/wp\/v2\/users\/6"}],"replies":[{"embeddable":true,"href":"https:\/\/finquesargemi.com\/ca\/wp-json\/wp\/v2\/comments?post=23192"}],"version-history":[{"count":5,"href":"https:\/\/finquesargemi.com\/ca\/wp-json\/wp\/v2\/pages\/23192\/revisions"}],"predecessor-version":[{"id":23203,"href":"https:\/\/finquesargemi.com\/ca\/wp-json\/wp\/v2\/pages\/23192\/revisions\/23203"}],"wp:attachment":[{"href":"https:\/\/finquesargemi.com\/ca\/wp-json\/wp\/v2\/media?parent=23192"}],"curies":[{"name":"wp","href":"https:\/\/api.w.org\/{rel}","templated":true}]}}